{"id":18333,"date":"2024-03-21T19:46:02","date_gmt":"2024-03-21T18:46:02","guid":{"rendered":"https:\/\/espen.de\/wood-for-longbows\/"},"modified":"2024-08-09T12:12:55","modified_gmt":"2024-08-09T10:12:55","slug":"wood-for-longbows","status":"publish","type":"page","link":"https:\/\/espen.de\/en\/specialties\/wood-for-longbows\/","title":{"rendered":"Staves and quarter-trunks for longbows, laminations"},"content":{"rendered":"\t\t<div data-elementor-type=\"wp-page\" data-elementor-id=\"18333\" class=\"elementor elementor-18333 elementor-16551\" data-elementor-post-type=\"page\">\n\t\t\t\t\t\t<section class=\"elementor-section elementor-top-section elementor-element elementor-element-52a94574 elementor-section-content-middle elementor-reverse-tablet elementor-reverse-mobile elementor-section-boxed elementor-section-height-default elementor-section-height-default\" data-id=\"52a94574\" data-element_type=\"section\">\n\t\t\t\t\t\t<div class=\"elementor-container elementor-column-gap-default\">\n\t\t\t\t\t<div class=\"elementor-column elementor-col-100 elementor-top-column elementor-element elementor-element-6376a45d\" data-id=\"6376a45d\" data-element_type=\"column\">\n\t\t\t<div class=\"elementor-widget-wrap elementor-element-populated\">\n\t\t\t\t\t\t<div class=\"elementor-element elementor-element-52cf15ca elementor-widget elementor-widget-heading\" data-id=\"52cf15ca\" data-element_type=\"widget\" data-widget_type=\"heading.default\">\n\t\t\t\t<div class=\"elementor-widget-container\">\n\t\t\t<style>\/*! elementor - v3.23.0 - 05-08-2024 *\/\n.elementor-heading-title{padding:0;margin:0;line-height:1}.elementor-widget-heading .elementor-heading-title[class*=elementor-size-]>a{color:inherit;font-size:inherit;line-height:inherit}.elementor-widget-heading .elementor-heading-title.elementor-size-small{font-size:15px}.elementor-widget-heading .elementor-heading-title.elementor-size-medium{font-size:19px}.elementor-widget-heading .elementor-heading-title.elementor-size-large{font-size:29px}.elementor-widget-heading .elementor-heading-title.elementor-size-xl{font-size:39px}.elementor-widget-heading .elementor-heading-title.elementor-size-xxl{font-size:59px}<\/style><h1 class=\"elementor-heading-title elementor-size-default\">Wood for longbows<\/h1>\t\t<\/div>\n\t\t\t\t<\/div>\n\t\t\t\t<div class=\"elementor-element elementor-element-12c2d2f elementor-widget elementor-widget-text-editor\" data-id=\"12c2d2f\" data-element_type=\"widget\" data-widget_type=\"text-editor.default\">\n\t\t\t\t<div class=\"elementor-widget-container\">\n\t\t\t<style>\/*! elementor - v3.23.0 - 05-08-2024 *\/\n.elementor-widget-text-editor.elementor-drop-cap-view-stacked .elementor-drop-cap{background-color:#69727d;color:#fff}.elementor-widget-text-editor.elementor-drop-cap-view-framed .elementor-drop-cap{color:#69727d;border:3px solid;background-color:transparent}.elementor-widget-text-editor:not(.elementor-drop-cap-view-default) .elementor-drop-cap{margin-top:8px}.elementor-widget-text-editor:not(.elementor-drop-cap-view-default) .elementor-drop-cap-letter{width:1em;height:1em}.elementor-widget-text-editor .elementor-drop-cap{float:left;text-align:center;line-height:1;font-size:50px}.elementor-widget-text-editor .elementor-drop-cap-letter{display:inline-block}<\/style>\t\t\t\t<p>Longbows made from ash, gombeira \/ ironwood, hornbeam, hickory, ip\u00e9, robinia, satin\u00e9<\/p>\n\t\t\t\t\t\t<\/div>\n\t\t\t\t<\/div>\n\t\t\t\t<div class=\"elementor-element elementor-element-58d7ad75 elementor-widget-divider--view-line elementor-widget elementor-widget-divider\" data-id=\"58d7ad75\" data-element_type=\"widget\" data-widget_type=\"divider.default\">\n\t\t\t\t<div class=\"elementor-widget-container\">\n\t\t\t<style>\/*! elementor - v3.23.0 - 05-08-2024 *\/\n.elementor-widget-divider{--divider-border-style:none;--divider-border-width:1px;--divider-color:#0c0d0e;--divider-icon-size:20px;--divider-element-spacing:10px;--divider-pattern-height:24px;--divider-pattern-size:20px;--divider-pattern-url:none;--divider-pattern-repeat:repeat-x}.elementor-widget-divider .elementor-divider{display:flex}.elementor-widget-divider .elementor-divider__text{font-size:15px;line-height:1;max-width:95%}.elementor-widget-divider .elementor-divider__element{margin:0 var(--divider-element-spacing);flex-shrink:0}.elementor-widget-divider .elementor-icon{font-size:var(--divider-icon-size)}.elementor-widget-divider .elementor-divider-separator{display:flex;margin:0;direction:ltr}.elementor-widget-divider--view-line_icon .elementor-divider-separator,.elementor-widget-divider--view-line_text .elementor-divider-separator{align-items:center}.elementor-widget-divider--view-line_icon .elementor-divider-separator:after,.elementor-widget-divider--view-line_icon .elementor-divider-separator:before,.elementor-widget-divider--view-line_text .elementor-divider-separator:after,.elementor-widget-divider--view-line_text .elementor-divider-separator:before{display:block;content:\"\";border-block-end:0;flex-grow:1;border-block-start:var(--divider-border-width) var(--divider-border-style) var(--divider-color)}.elementor-widget-divider--element-align-left .elementor-divider .elementor-divider-separator>.elementor-divider__svg:first-of-type{flex-grow:0;flex-shrink:100}.elementor-widget-divider--element-align-left .elementor-divider-separator:before{content:none}.elementor-widget-divider--element-align-left .elementor-divider__element{margin-left:0}.elementor-widget-divider--element-align-right .elementor-divider .elementor-divider-separator>.elementor-divider__svg:last-of-type{flex-grow:0;flex-shrink:100}.elementor-widget-divider--element-align-right .elementor-divider-separator:after{content:none}.elementor-widget-divider--element-align-right .elementor-divider__element{margin-right:0}.elementor-widget-divider--element-align-start .elementor-divider .elementor-divider-separator>.elementor-divider__svg:first-of-type{flex-grow:0;flex-shrink:100}.elementor-widget-divider--element-align-start .elementor-divider-separator:before{content:none}.elementor-widget-divider--element-align-start .elementor-divider__element{margin-inline-start:0}.elementor-widget-divider--element-align-end .elementor-divider .elementor-divider-separator>.elementor-divider__svg:last-of-type{flex-grow:0;flex-shrink:100}.elementor-widget-divider--element-align-end .elementor-divider-separator:after{content:none}.elementor-widget-divider--element-align-end .elementor-divider__element{margin-inline-end:0}.elementor-widget-divider:not(.elementor-widget-divider--view-line_text):not(.elementor-widget-divider--view-line_icon) .elementor-divider-separator{border-block-start:var(--divider-border-width) var(--divider-border-style) var(--divider-color)}.elementor-widget-divider--separator-type-pattern{--divider-border-style:none}.elementor-widget-divider--separator-type-pattern.elementor-widget-divider--view-line .elementor-divider-separator,.elementor-widget-divider--separator-type-pattern:not(.elementor-widget-divider--view-line) .elementor-divider-separator:after,.elementor-widget-divider--separator-type-pattern:not(.elementor-widget-divider--view-line) .elementor-divider-separator:before,.elementor-widget-divider--separator-type-pattern:not([class*=elementor-widget-divider--view]) .elementor-divider-separator{width:100%;min-height:var(--divider-pattern-height);-webkit-mask-size:var(--divider-pattern-size) 100%;mask-size:var(--divider-pattern-size) 100%;-webkit-mask-repeat:var(--divider-pattern-repeat);mask-repeat:var(--divider-pattern-repeat);background-color:var(--divider-color);-webkit-mask-image:var(--divider-pattern-url);mask-image:var(--divider-pattern-url)}.elementor-widget-divider--no-spacing{--divider-pattern-size:auto}.elementor-widget-divider--bg-round{--divider-pattern-repeat:round}.rtl .elementor-widget-divider .elementor-divider__text{direction:rtl}.e-con-inner>.elementor-widget-divider,.e-con>.elementor-widget-divider{width:var(--container-widget-width,100%);--flex-grow:var(--container-widget-flex-grow)}<\/style>\t\t<div class=\"elementor-divider\">\n\t\t\t<span class=\"elementor-divider-separator\">\n\t\t\t\t\t\t<\/span>\n\t\t<\/div>\n\t\t\t\t<\/div>\n\t\t\t\t<\/div>\n\t\t\t\t<div class=\"elementor-element elementor-element-3f5fccca elementor-widget elementor-widget-text-editor\" data-id=\"3f5fccca\" data-element_type=\"widget\" data-widget_type=\"text-editor.default\">\n\t\t\t\t<div class=\"elementor-widget-container\">\n\t\t\t\t\t\t\t<ul><li>Staves in bow lengths 190 &#8211; 220 cm<\/li><li>Quarter stems in arc lengths for splitting out matching staves<\/li><li>Raw material for the production of slats<\/li><li>Slats according to customer specifications<\/li><li>Laminates: basically defect-free parallel-fiber lamellas rough-sawn &amp; processing-dry6. Special woods for handpieces and handles<\/li><\/ul><div>\u00a0<\/div><div>All wood is air-dried and seasoned.<\/div><div>\u00a0<\/div><div>Right in the <a href=\"https:\/\/shop.espen.de\/en\/Specialities\/holz-fuer-langboegen\/\" target=\"_blank\" rel=\"noopener\"><strong>store<\/strong> <\/a>order now!<\/div>\t\t\t\t\t\t<\/div>\n\t\t\t\t<\/div>\n\t\t\t\t\t<\/div>\n\t\t<\/div>\n\t\t\t\t\t<\/div>\n\t\t<\/section>\n\t\t\t\t<section class=\"elementor-section elementor-top-section elementor-element elementor-element-ac3f9dc elementor-section-boxed elementor-section-height-default elementor-section-height-default\" data-id=\"ac3f9dc\" data-element_type=\"section\">\n\t\t\t\t\t\t<div class=\"elementor-container elementor-column-gap-custom\">\n\t\t\t\t\t<div class=\"elementor-column elementor-col-50 elementor-top-column elementor-element elementor-element-206832a\" data-id=\"206832a\" data-element_type=\"column\">\n\t\t\t<div class=\"elementor-widget-wrap elementor-element-populated\">\n\t\t\t\t\t\t<div class=\"elementor-element elementor-element-374f4cc0 elementor-widget elementor-widget-image\" data-id=\"374f4cc0\" data-element_type=\"widget\" data-widget_type=\"image.default\">\n\t\t\t\t<div class=\"elementor-widget-container\">\n\t\t\t<style>\/*! elementor - v3.23.0 - 05-08-2024 *\/\n.elementor-widget-image{text-align:center}.elementor-widget-image a{display:inline-block}.elementor-widget-image a img[src$=\".svg\"]{width:48px}.elementor-widget-image img{vertical-align:middle;display:inline-block}<\/style>\t\t\t\t\t\t\t\t\t\t\t<a href=\"#\">\n\t\t\t\t\t\t\t<img decoding=\"async\" src=\"https:\/\/espen.de\/wp-content\/uploads\/elementor\/thumbs\/Maulbeerbaum-Lamellen1-rotated-qsi5tmnbenufn7xxz3l7v320ceag2nd0s5qotol8eo.jpg\" title=\"Maulbeerbaum-Lamellen1\" alt=\"Maulbeerbaum-Lamellen1\" loading=\"lazy\" \/>\t\t\t\t\t\t\t\t<\/a>\n\t\t\t\t\t\t\t\t\t\t\t\t\t<\/div>\n\t\t\t\t<\/div>\n\t\t\t\t<div class=\"elementor-element elementor-element-4baefd88 elementor-widget elementor-widget-text-editor\" data-id=\"4baefd88\" data-element_type=\"widget\" data-widget_type=\"text-editor.default\">\n\t\t\t\t<div class=\"elementor-widget-container\">\n\t\t\t\t\t\t\tMulberry lamellae &#8211;\nthe alternative to Osage Orange?\t\t\t\t\t\t<\/div>\n\t\t\t\t<\/div>\n\t\t\t\t\t<\/div>\n\t\t<\/div>\n\t\t\t\t<div class=\"elementor-column elementor-col-50 elementor-top-column elementor-element elementor-element-28b47008\" data-id=\"28b47008\" data-element_type=\"column\">\n\t\t\t<div class=\"elementor-widget-wrap elementor-element-populated\">\n\t\t\t\t\t\t<div class=\"elementor-element elementor-element-619fcca0 elementor-widget elementor-widget-image\" data-id=\"619fcca0\" data-element_type=\"widget\" data-widget_type=\"image.default\">\n\t\t\t\t<div class=\"elementor-widget-container\">\n\t\t\t\t\t\t\t\t\t\t\t\t\t\t<a href=\"#\">\n\t\t\t\t\t\t\t<img decoding=\"async\" src=\"https:\/\/espen.de\/wp-content\/uploads\/elementor\/thumbs\/bogen_0621b-qsi5tmnbenufn7xxz3l7v320ceag2nd0s5qotol8eo.jpg\" title=\"bogen_0621b\" alt=\"bogen_0621b\" loading=\"lazy\" \/>\t\t\t\t\t\t\t\t<\/a>\n\t\t\t\t\t\t\t\t\t\t\t\t\t<\/div>\n\t\t\t\t<\/div>\n\t\t\t\t<div class=\"elementor-element elementor-element-7e42faf4 elementor-widget elementor-widget-text-editor\" data-id=\"7e42faf4\" data-element_type=\"widget\" data-widget_type=\"text-editor.default\">\n\t\t\t\t<div class=\"elementor-widget-container\">\n\t\t\t\t\t\t\t<p>\u00a9 <a href=\"http:\/\/www.fichtenelch-armory.de\" target=\"_blank\" rel=\"noopener\">www.fichtenelch-armory.de<\/a><\/p>\n\t\t\t\t\t\t<\/div>\n\t\t\t\t<\/div>\n\t\t\t\t\t<\/div>\n\t\t<\/div>\n\t\t\t\t\t<\/div>\n\t\t<\/section>\n\t\t\t\t<\/div>\n\t\t","protected":false},"excerpt":{"rendered":"<p>Wood for longbows Longbows made from ash, gombeira \/ ironwood, hornbeam, hickory, ip\u00e9, robinia, satin\u00e9 Staves in bow lengths 190 &#8211; 220 cm Quarter stems in arc lengths for splitting out matching staves Raw material for the production of slats Slats according to customer specifications Laminates: basically defect-free parallel-fiber lamellas rough-sawn &amp; processing-dry6. Special woods [&hellip;]<\/p>\n","protected":false},"author":2,"featured_media":0,"parent":18373,"menu_order":0,"comment_status":"closed","ping_status":"closed","template":"","meta":{"footnotes":""},"class_list":["post-18333","page","type-page","status-publish","hentry"],"yoast_head":"<!-- This site is optimized with the Yoast SEO plugin v23.2 - https:\/\/yoast.com\/wordpress\/plugins\/seo\/ -->\n<title>Staves and quarter-trunks for longbows, laminations - Espen AG<\/title>\n<meta name=\"description\" content=\"Abgelagerte H\u00f6lzer zum Bau von Langb\u00f6gen bis 220 cm. Laminate. Staves, Handst\u00fccke, Griffst\u00fccke. Lamellen nach Kundenwunsch\" \/>\n<meta name=\"robots\" content=\"noindex, follow, max-snippet:-1, max-image-preview:large, max-video-preview:-1\" \/>\n<meta property=\"og:locale\" content=\"en_US\" \/>\n<meta property=\"og:type\" content=\"article\" \/>\n<meta property=\"og:title\" content=\"Staves and quarter-trunks for longbows, laminations - Espen AG\" \/>\n<meta property=\"og:description\" content=\"Abgelagerte H\u00f6lzer zum Bau von Langb\u00f6gen bis 220 cm. Laminate. Staves, Handst\u00fccke, Griffst\u00fccke. Lamellen nach Kundenwunsch\" \/>\n<meta property=\"og:url\" content=\"https:\/\/espen.de\/en\/specialties\/wood-for-longbows\/\" \/>\n<meta property=\"og:site_name\" content=\"Espen AG\" \/>\n<meta property=\"article:modified_time\" content=\"2024-08-09T10:12:55+00:00\" \/>\n<meta property=\"og:image\" content=\"https:\/\/espen.de\/wp-content\/uploads\/elementor\/thumbs\/Maulbeerbaum-Lamellen1-rotated-qlkt2t502ib2vvyvv6y353hfi6p0dvd9cpjgppbnps.jpg\" \/>\n<meta name=\"twitter:card\" content=\"summary_large_image\" \/>\n<meta name=\"twitter:label1\" content=\"Est. reading time\" \/>\n\t<meta name=\"twitter:data1\" content=\"1 minute\" \/>\n<script type=\"application\/ld+json\" class=\"yoast-schema-graph\">{\"@context\":\"https:\/\/schema.org\",\"@graph\":[{\"@type\":\"WebPage\",\"@id\":\"https:\/\/espen.de\/en\/specialties\/wood-for-longbows\/\",\"url\":\"https:\/\/espen.de\/en\/specialties\/wood-for-longbows\/\",\"name\":\"Staves and quarter-trunks for longbows, laminations - Espen AG\",\"isPartOf\":{\"@id\":\"https:\/\/espen.de\/#website\"},\"primaryImageOfPage\":{\"@id\":\"https:\/\/espen.de\/en\/specialties\/wood-for-longbows\/#primaryimage\"},\"image\":{\"@id\":\"https:\/\/espen.de\/en\/specialties\/wood-for-longbows\/#primaryimage\"},\"thumbnailUrl\":\"https:\/\/espen.de\/wp-content\/uploads\/elementor\/thumbs\/Maulbeerbaum-Lamellen1-rotated-qlkt2t502ib2vvyvv6y353hfi6p0dvd9cpjgppbnps.jpg\",\"datePublished\":\"2024-03-21T18:46:02+00:00\",\"dateModified\":\"2024-08-09T10:12:55+00:00\",\"description\":\"Abgelagerte H\u00f6lzer zum Bau von Langb\u00f6gen bis 220 cm. Laminate. Staves, Handst\u00fccke, Griffst\u00fccke. Lamellen nach Kundenwunsch\",\"breadcrumb\":{\"@id\":\"https:\/\/espen.de\/en\/specialties\/wood-for-longbows\/#breadcrumb\"},\"inLanguage\":\"en-US\",\"potentialAction\":[{\"@type\":\"ReadAction\",\"target\":[\"https:\/\/espen.de\/en\/specialties\/wood-for-longbows\/\"]}]},{\"@type\":\"ImageObject\",\"inLanguage\":\"en-US\",\"@id\":\"https:\/\/espen.de\/en\/specialties\/wood-for-longbows\/#primaryimage\",\"url\":\"https:\/\/espen.de\/wp-content\/uploads\/elementor\/thumbs\/Maulbeerbaum-Lamellen1-rotated-qlkt2t502ib2vvyvv6y353hfi6p0dvd9cpjgppbnps.jpg\",\"contentUrl\":\"https:\/\/espen.de\/wp-content\/uploads\/elementor\/thumbs\/Maulbeerbaum-Lamellen1-rotated-qlkt2t502ib2vvyvv6y353hfi6p0dvd9cpjgppbnps.jpg\"},{\"@type\":\"BreadcrumbList\",\"@id\":\"https:\/\/espen.de\/en\/specialties\/wood-for-longbows\/#breadcrumb\",\"itemListElement\":[{\"@type\":\"ListItem\",\"position\":1,\"name\":\"Startseite\",\"item\":\"https:\/\/espen.de\/en\/\"},{\"@type\":\"ListItem\",\"position\":2,\"name\":\"Cedro for humidors, longbows, billiard cues, barbecue wood\",\"item\":\"https:\/\/espen.de\/en\/specialties\/\"},{\"@type\":\"ListItem\",\"position\":3,\"name\":\"Staves and quarter-trunks for longbows, laminations\"}]},{\"@type\":\"WebSite\",\"@id\":\"https:\/\/espen.de\/#website\",\"url\":\"https:\/\/espen.de\/\",\"name\":\"Espen AG\",\"description\":\"Massivholzprodukte\",\"potentialAction\":[{\"@type\":\"SearchAction\",\"target\":{\"@type\":\"EntryPoint\",\"urlTemplate\":\"https:\/\/espen.de\/?s={search_term_string}\"},\"query-input\":\"required name=search_term_string\"}],\"inLanguage\":\"en-US\"}]}<\/script>\n<!-- \/ Yoast SEO plugin. -->","yoast_head_json":{"title":"Staves and quarter-trunks for longbows, laminations - Espen AG","description":"Abgelagerte H\u00f6lzer zum Bau von Langb\u00f6gen bis 220 cm. Laminate. Staves, Handst\u00fccke, Griffst\u00fccke. Lamellen nach Kundenwunsch","robots":{"index":"noindex","follow":"follow","max-snippet":"max-snippet:-1","max-image-preview":"max-image-preview:large","max-video-preview":"max-video-preview:-1"},"og_locale":"en_US","og_type":"article","og_title":"Staves and quarter-trunks for longbows, laminations - Espen AG","og_description":"Abgelagerte H\u00f6lzer zum Bau von Langb\u00f6gen bis 220 cm. Laminate. Staves, Handst\u00fccke, Griffst\u00fccke. Lamellen nach Kundenwunsch","og_url":"https:\/\/espen.de\/en\/specialties\/wood-for-longbows\/","og_site_name":"Espen AG","article_modified_time":"2024-08-09T10:12:55+00:00","og_image":[{"url":"https:\/\/espen.de\/wp-content\/uploads\/elementor\/thumbs\/Maulbeerbaum-Lamellen1-rotated-qlkt2t502ib2vvyvv6y353hfi6p0dvd9cpjgppbnps.jpg"}],"twitter_card":"summary_large_image","twitter_misc":{"Est. reading time":"1 minute"},"schema":{"@context":"https:\/\/schema.org","@graph":[{"@type":"WebPage","@id":"https:\/\/espen.de\/en\/specialties\/wood-for-longbows\/","url":"https:\/\/espen.de\/en\/specialties\/wood-for-longbows\/","name":"Staves and quarter-trunks for longbows, laminations - Espen AG","isPartOf":{"@id":"https:\/\/espen.de\/#website"},"primaryImageOfPage":{"@id":"https:\/\/espen.de\/en\/specialties\/wood-for-longbows\/#primaryimage"},"image":{"@id":"https:\/\/espen.de\/en\/specialties\/wood-for-longbows\/#primaryimage"},"thumbnailUrl":"https:\/\/espen.de\/wp-content\/uploads\/elementor\/thumbs\/Maulbeerbaum-Lamellen1-rotated-qlkt2t502ib2vvyvv6y353hfi6p0dvd9cpjgppbnps.jpg","datePublished":"2024-03-21T18:46:02+00:00","dateModified":"2024-08-09T10:12:55+00:00","description":"Abgelagerte H\u00f6lzer zum Bau von Langb\u00f6gen bis 220 cm. Laminate. Staves, Handst\u00fccke, Griffst\u00fccke. Lamellen nach Kundenwunsch","breadcrumb":{"@id":"https:\/\/espen.de\/en\/specialties\/wood-for-longbows\/#breadcrumb"},"inLanguage":"en-US","potentialAction":[{"@type":"ReadAction","target":["https:\/\/espen.de\/en\/specialties\/wood-for-longbows\/"]}]},{"@type":"ImageObject","inLanguage":"en-US","@id":"https:\/\/espen.de\/en\/specialties\/wood-for-longbows\/#primaryimage","url":"https:\/\/espen.de\/wp-content\/uploads\/elementor\/thumbs\/Maulbeerbaum-Lamellen1-rotated-qlkt2t502ib2vvyvv6y353hfi6p0dvd9cpjgppbnps.jpg","contentUrl":"https:\/\/espen.de\/wp-content\/uploads\/elementor\/thumbs\/Maulbeerbaum-Lamellen1-rotated-qlkt2t502ib2vvyvv6y353hfi6p0dvd9cpjgppbnps.jpg"},{"@type":"BreadcrumbList","@id":"https:\/\/espen.de\/en\/specialties\/wood-for-longbows\/#breadcrumb","itemListElement":[{"@type":"ListItem","position":1,"name":"Startseite","item":"https:\/\/espen.de\/en\/"},{"@type":"ListItem","position":2,"name":"Cedro for humidors, longbows, billiard cues, barbecue wood","item":"https:\/\/espen.de\/en\/specialties\/"},{"@type":"ListItem","position":3,"name":"Staves and quarter-trunks for longbows, laminations"}]},{"@type":"WebSite","@id":"https:\/\/espen.de\/#website","url":"https:\/\/espen.de\/","name":"Espen AG","description":"Massivholzprodukte","potentialAction":[{"@type":"SearchAction","target":{"@type":"EntryPoint","urlTemplate":"https:\/\/espen.de\/?s={search_term_string}"},"query-input":"required name=search_term_string"}],"inLanguage":"en-US"}]}},"_links":{"self":[{"href":"https:\/\/espen.de\/en\/wp-json\/wp\/v2\/pages\/18333","targetHints":{"allow":["GET"]}}],"collection":[{"href":"https:\/\/espen.de\/en\/wp-json\/wp\/v2\/pages"}],"about":[{"href":"https:\/\/espen.de\/en\/wp-json\/wp\/v2\/types\/page"}],"author":[{"embeddable":true,"href":"https:\/\/espen.de\/en\/wp-json\/wp\/v2\/users\/2"}],"replies":[{"embeddable":true,"href":"https:\/\/espen.de\/en\/wp-json\/wp\/v2\/comments?post=18333"}],"version-history":[{"count":6,"href":"https:\/\/espen.de\/en\/wp-json\/wp\/v2\/pages\/18333\/revisions"}],"predecessor-version":[{"id":19782,"href":"https:\/\/espen.de\/en\/wp-json\/wp\/v2\/pages\/18333\/revisions\/19782"}],"up":[{"embeddable":true,"href":"https:\/\/espen.de\/en\/wp-json\/wp\/v2\/pages\/18373"}],"wp:attachment":[{"href":"https:\/\/espen.de\/en\/wp-json\/wp\/v2\/media?parent=18333"}],"curies":[{"name":"wp","href":"https:\/\/api.w.org\/{rel}","templated":true}]}}