{"id":18545,"date":"2024-04-03T13:19:58","date_gmt":"2024-04-03T11:19:58","guid":{"rendered":"https:\/\/espen.de\/produkt\/pucte-bullet-wood\/"},"modified":"2024-04-03T13:19:58","modified_gmt":"2024-04-03T11:19:58","slug":"pucte-bullet-wood","status":"publish","type":"product","link":"https:\/\/espen.de\/en\/produkte\/pucte-bullet-wood\/","title":{"rendered":"Puct\u00e9 &#8211; Bullet Wood"},"content":{"rendered":"<div>\n<p><strong>Names and distribution:<\/strong> Botanically, Puct\u00e9<em>(Bucida buceras<\/em>) belongs to the Combretaceae, a family that is widespread mainly in Africa. Because of its extreme hardness, the wood is also known as cacho de toro, which means bull&#8217;s horns or even bullet wood (Belize, loosely translated as &#8216;bullet wood&#8217;). Puct\u00e9 is only found in parts of Guatemala, Belize and Mexico. The availability there is good.<\/p>\n<p><strong>Wood appearance:<\/strong> sapwood: light brown, heartwood: gray-brown to dark olive-brown. The grain is simple and not very inconspicuous. The pores are fine to medium-fine, the fibers are predominantly intertwined and alternately twisted; visually unattractive, plain.<\/p>\n<p><strong>Properties:<\/strong> The spec. Weight is specified at 12% wood moisture with approx. 0.93 &#8211; 1.04 <sup>t\/m3<\/sup>. Swelling and shrinkage values are 7.3% in the tangential direction and 3.2% in the radial direction. Cracking along the wooden beams is common. The very hard wood is technically almost impossible to dry, which is also unusual given the lack of indoor applications. Puct\u00e9 is difficult to machine, even with carbide-tipped tools. Planing is difficult, sanding is recommended to create attractive surfaces. The bending stiffness is high, as are the hardness and shear strength. Puct\u00e9 is practically impossible to split! The weather resistance is classified as very high (20-25 years in contact with the ground, durability class 1).<\/p>\n<p><strong>Use:<\/strong> Heavy construction timber for outdoor use, railroad sleepers (the British railroads use Puct\u00e9 unimpregnated for turnout sleepers), for hydraulic work, locks and bridge construction<\/p>\n<p><strong>Replaces:<\/strong> Bongossi, Greenheart, Ip\u00e9, etc.<\/p>\n<table border=\"0\">\n<tbody>\n<tr valign=\"top\">\n<td><strong>Sources:<br \/>\n<\/strong><\/td>\n<td>Trop. Forestry Paper No.20 (1990) Mexican &amp; Belizean Timbers, Oxford Forest Inst.<br \/>\nWoodexplorer (2002): Data sheet for Bucida buceras<\/td>\n<\/tr>\n<\/tbody>\n<\/table>\n<div>\n<strong>Note: according to the latest findings, but excluding any liability<\/strong><\/div>\n<\/div>\n","protected":false},"excerpt":{"rendered":"<h4>Use<\/h4>\n<p>Heavy structural timber in outdoor areas, esp. Port construction.<\/p>\n<h3>Origin<\/h3>\n<p>South America<\/p>\n<h3>Properties<\/h3>\n<p>Lower bulk density<\/p>\n<h3>Certification<\/h3>\n<p>Cites I<\/p>\n<div>[su_button url=\"https:\/\/shop.espen.de\/de\/\" target=\"blank\" style=\"flat\" background=\"#AFCA0B\"]View in the store[\/su_button]<\/div>\n","protected":false},"featured_media":18268,"comment_status":"closed","ping_status":"closed","template":"","meta":[],"product_cat":[314],"product_tag":[],"class_list":{"0":"post-18545","1":"product","2":"type-product","3":"status-publish","4":"has-post-thumbnail","6":"product_cat-wood","7":"pa_eigenschaften-hard","8":"pa_herkunft-north-america","9":"pa_verwendung-furniture-construction","10":"pa_verwendung-turned-wood","11":"pa_zertifikat-cites-appendix-2","14":"first","15":"instock","16":"shipping-taxable","17":"product-type-simple"},"yoast_head":"<!-- This site is optimized with the Yoast SEO plugin v23.2 - https:\/\/yoast.com\/wordpress\/plugins\/seo\/ -->\n<title>Puct\u00e9 - Bullet Wood - Espen AG<\/title>\n<meta name=\"description\" content=\"Holz f\u00fcr Musikinstrumente: Gitarre, Violine, Blasinstrumente. Zum Drechseln: Schalenrohlinge, Messergriffe. Tischmanufaktur. \u00dcber 120 Holzarten am Lager. Weltweiter Versand\" \/>\n<meta name=\"robots\" content=\"noindex, follow, max-snippet:-1, max-image-preview:large, max-video-preview:-1\" \/>\n<meta property=\"og:locale\" content=\"en_US\" \/>\n<meta property=\"og:type\" content=\"article\" \/>\n<meta property=\"og:title\" content=\"Puct\u00e9 - Bullet Wood - Espen AG\" \/>\n<meta property=\"og:description\" content=\"Holz f\u00fcr Musikinstrumente: Gitarre, Violine, Blasinstrumente. Zum Drechseln: Schalenrohlinge, Messergriffe. Tischmanufaktur. \u00dcber 120 Holzarten am Lager. Weltweiter Versand\" \/>\n<meta property=\"og:url\" content=\"https:\/\/espen.de\/produkte\/219-pucte\/\" \/>\n<meta property=\"og:site_name\" content=\"Espen AG\" \/>\n<meta property=\"og:image\" content=\"https:\/\/espen.de\/wp-content\/uploads\/2024\/04\/pucte.jpg\" \/>\n\t<meta property=\"og:image:width\" content=\"315\" \/>\n\t<meta property=\"og:image:height\" content=\"315\" \/>\n\t<meta property=\"og:image:type\" content=\"image\/jpeg\" \/>\n<meta name=\"twitter:card\" content=\"summary_large_image\" \/>\n<meta name=\"twitter:label1\" content=\"Est. reading time\" \/>\n\t<meta name=\"twitter:data1\" content=\"1 minute\" \/>\n<script type=\"application\/ld+json\" class=\"yoast-schema-graph\">{\"@context\":\"https:\/\/schema.org\",\"@graph\":[{\"@type\":\"WebPage\",\"@id\":\"https:\/\/espen.de\/produkte\/219-pucte\/\",\"url\":\"https:\/\/espen.de\/produkte\/219-pucte\/\",\"name\":\"Puct\u00e9 - Bullet Wood - Espen AG\",\"isPartOf\":{\"@id\":\"https:\/\/espen.de\/#website\"},\"primaryImageOfPage\":{\"@id\":\"https:\/\/espen.de\/produkte\/219-pucte\/#primaryimage\"},\"image\":{\"@id\":\"https:\/\/espen.de\/produkte\/219-pucte\/#primaryimage\"},\"thumbnailUrl\":\"https:\/\/espen.de\/wp-content\/uploads\/2024\/04\/pucte.jpg\",\"datePublished\":\"2024-04-03T11:19:58+00:00\",\"dateModified\":\"2024-04-03T11:19:58+00:00\",\"description\":\"Holz f\u00fcr Musikinstrumente: Gitarre, Violine, Blasinstrumente. Zum Drechseln: Schalenrohlinge, Messergriffe. Tischmanufaktur. \u00dcber 120 Holzarten am Lager. Weltweiter Versand\",\"breadcrumb\":{\"@id\":\"https:\/\/espen.de\/produkte\/219-pucte\/#breadcrumb\"},\"inLanguage\":\"en-US\",\"potentialAction\":[{\"@type\":\"ReadAction\",\"target\":[\"https:\/\/espen.de\/produkte\/219-pucte\/\"]}]},{\"@type\":\"ImageObject\",\"inLanguage\":\"en-US\",\"@id\":\"https:\/\/espen.de\/produkte\/219-pucte\/#primaryimage\",\"url\":\"https:\/\/espen.de\/wp-content\/uploads\/2024\/04\/pucte.jpg\",\"contentUrl\":\"https:\/\/espen.de\/wp-content\/uploads\/2024\/04\/pucte.jpg\",\"width\":315,\"height\":315},{\"@type\":\"BreadcrumbList\",\"@id\":\"https:\/\/espen.de\/produkte\/219-pucte\/#breadcrumb\",\"itemListElement\":[{\"@type\":\"ListItem\",\"position\":1,\"name\":\"Startseite\",\"item\":\"https:\/\/espen.de\/en\/\"},{\"@type\":\"ListItem\",\"position\":2,\"name\":\"Produkte\",\"item\":\"https:\/\/espen.de\/shop\/\"},{\"@type\":\"ListItem\",\"position\":3,\"name\":\"Puct\u00e9 &#8211; Bullet Wood\"}]},{\"@type\":\"WebSite\",\"@id\":\"https:\/\/espen.de\/#website\",\"url\":\"https:\/\/espen.de\/\",\"name\":\"Espen AG\",\"description\":\"Massivholzprodukte\",\"potentialAction\":[{\"@type\":\"SearchAction\",\"target\":{\"@type\":\"EntryPoint\",\"urlTemplate\":\"https:\/\/espen.de\/?s={search_term_string}\"},\"query-input\":\"required name=search_term_string\"}],\"inLanguage\":\"en-US\"}]}<\/script>\n<!-- \/ Yoast SEO plugin. -->","yoast_head_json":{"title":"Puct\u00e9 - Bullet Wood - Espen AG","description":"Holz f\u00fcr Musikinstrumente: Gitarre, Violine, Blasinstrumente. Zum Drechseln: Schalenrohlinge, Messergriffe. Tischmanufaktur. \u00dcber 120 Holzarten am Lager. Weltweiter Versand","robots":{"index":"noindex","follow":"follow","max-snippet":"max-snippet:-1","max-image-preview":"max-image-preview:large","max-video-preview":"max-video-preview:-1"},"og_locale":"en_US","og_type":"article","og_title":"Puct\u00e9 - Bullet Wood - Espen AG","og_description":"Holz f\u00fcr Musikinstrumente: Gitarre, Violine, Blasinstrumente. Zum Drechseln: Schalenrohlinge, Messergriffe. Tischmanufaktur. \u00dcber 120 Holzarten am Lager. Weltweiter Versand","og_url":"https:\/\/espen.de\/produkte\/219-pucte\/","og_site_name":"Espen AG","og_image":[{"width":315,"height":315,"url":"https:\/\/espen.de\/wp-content\/uploads\/2024\/04\/pucte.jpg","type":"image\/jpeg"}],"twitter_card":"summary_large_image","twitter_misc":{"Est. reading time":"1 minute"},"schema":{"@context":"https:\/\/schema.org","@graph":[{"@type":"WebPage","@id":"https:\/\/espen.de\/produkte\/219-pucte\/","url":"https:\/\/espen.de\/produkte\/219-pucte\/","name":"Puct\u00e9 - Bullet Wood - Espen AG","isPartOf":{"@id":"https:\/\/espen.de\/#website"},"primaryImageOfPage":{"@id":"https:\/\/espen.de\/produkte\/219-pucte\/#primaryimage"},"image":{"@id":"https:\/\/espen.de\/produkte\/219-pucte\/#primaryimage"},"thumbnailUrl":"https:\/\/espen.de\/wp-content\/uploads\/2024\/04\/pucte.jpg","datePublished":"2024-04-03T11:19:58+00:00","dateModified":"2024-04-03T11:19:58+00:00","description":"Holz f\u00fcr Musikinstrumente: Gitarre, Violine, Blasinstrumente. Zum Drechseln: Schalenrohlinge, Messergriffe. Tischmanufaktur. \u00dcber 120 Holzarten am Lager. Weltweiter Versand","breadcrumb":{"@id":"https:\/\/espen.de\/produkte\/219-pucte\/#breadcrumb"},"inLanguage":"en-US","potentialAction":[{"@type":"ReadAction","target":["https:\/\/espen.de\/produkte\/219-pucte\/"]}]},{"@type":"ImageObject","inLanguage":"en-US","@id":"https:\/\/espen.de\/produkte\/219-pucte\/#primaryimage","url":"https:\/\/espen.de\/wp-content\/uploads\/2024\/04\/pucte.jpg","contentUrl":"https:\/\/espen.de\/wp-content\/uploads\/2024\/04\/pucte.jpg","width":315,"height":315},{"@type":"BreadcrumbList","@id":"https:\/\/espen.de\/produkte\/219-pucte\/#breadcrumb","itemListElement":[{"@type":"ListItem","position":1,"name":"Startseite","item":"https:\/\/espen.de\/en\/"},{"@type":"ListItem","position":2,"name":"Produkte","item":"https:\/\/espen.de\/shop\/"},{"@type":"ListItem","position":3,"name":"Puct\u00e9 &#8211; Bullet Wood"}]},{"@type":"WebSite","@id":"https:\/\/espen.de\/#website","url":"https:\/\/espen.de\/","name":"Espen AG","description":"Massivholzprodukte","potentialAction":[{"@type":"SearchAction","target":{"@type":"EntryPoint","urlTemplate":"https:\/\/espen.de\/?s={search_term_string}"},"query-input":"required name=search_term_string"}],"inLanguage":"en-US"}]}},"_links":{"self":[{"href":"https:\/\/espen.de\/en\/wp-json\/wp\/v2\/product\/18545","targetHints":{"allow":["GET"]}}],"collection":[{"href":"https:\/\/espen.de\/en\/wp-json\/wp\/v2\/product"}],"about":[{"href":"https:\/\/espen.de\/en\/wp-json\/wp\/v2\/types\/product"}],"replies":[{"embeddable":true,"href":"https:\/\/espen.de\/en\/wp-json\/wp\/v2\/comments?post=18545"}],"wp:featuredmedia":[{"embeddable":true,"href":"https:\/\/espen.de\/en\/wp-json\/wp\/v2\/media\/18268"}],"wp:attachment":[{"href":"https:\/\/espen.de\/en\/wp-json\/wp\/v2\/media?parent=18545"}],"wp:term":[{"taxonomy":"product_cat","embeddable":true,"href":"https:\/\/espen.de\/en\/wp-json\/wp\/v2\/product_cat?post=18545"},{"taxonomy":"product_tag","embeddable":true,"href":"https:\/\/espen.de\/en\/wp-json\/wp\/v2\/product_tag?post=18545"}],"curies":[{"name":"wp","href":"https:\/\/api.w.org\/{rel}","templated":true}]}}