{"id":18553,"date":"2023-03-23T14:08:33","date_gmt":"2023-03-23T13:08:33","guid":{"rendered":"https:\/\/espen.de\/produkt\/afzelia-doussie-2\/"},"modified":"2023-03-23T14:08:33","modified_gmt":"2023-03-23T13:08:33","slug":"afzelia-doussie-2","status":"publish","type":"product","link":"https:\/\/espen.de\/en\/produkte\/afzelia-doussie-2\/","title":{"rendered":"Afzelia &#8211; Doussi\u00e9"},"content":{"rendered":"<h5>Names and distribution:<\/h5>\n<p>Botanically, the genus Afzelia belongs to the Caesalpiniaceae, a subfamily of legumes. Four species are distinguished: Apa<em>(A. pachyloba<\/em>), which is widespread across West Africa from the Ivory Coast to Nigeria, Papao<em>(A. africana<\/em>) from Ghana, the well-known Doussi\u00e9<em>(A. bipendensis<\/em>) and finally the East African Chanfuta<em>(A. quarzensis<\/em>), which is also known as pod mahogany. Afzelia species are also found in Asia, for example in Laos. However, their importance is regionally limited.<\/p>\n<h5>Wooden picture:<\/h5>\n<p>Afzelia has a yellowish to light brown heartwood, which later darkens to a reddish-brown. The structure of the wood is homogeneous and dense. The pores are coarse and scattered. Pores often contain white or yellowish substances. In <em>Afzelia bipendensis<\/em>, the true Doussi\u00e9, these are yellow (distinguishing feature). Storage cells stored in an eye shape around vessels. Occasional dark stripes along the growth zones. Alternating growth present, matt glossy, all types of attractive gloss, moderately decorative.<\/p>\n<h5>Properties:<\/h5>\n<p>Density at wood moisture content 12% is 0.74 <sup>t\/m3<\/sup>. Swelling and shrinkage values are 4.5% tangentially and 2.8% radially. The wood therefore has a low shrinkage and can be dried without any significant problems. The stamina is extremely good. Afzelia types can be worked cleanly with all tools, pre-drilling is absolutely necessary, acid-resistant, perfect surfaces can be achieved.<br \/>\nThe hardness is above average, significantly higher than that of oak; measured according to Brinell, the value is 44 <sup>N\/mm2<\/sup> (in comparison: oak 34 <sup>N\/mm2<\/sup>). The modulus of elasticity is 16,000 <sup>N\/mm2<\/sup>. Afzelia is classified as weather-resistant, namely in durability class 1.<\/p>\n<h5>Use:<\/h5>\n<p>As parquet, for windows and doors, in ship and boat building, for laboratory and workbenches.<\/p>\n<table border=\"0\">\n<tbody>\n<tr valign=\"top\">\n<td><strong>Sources:<br \/>\n<\/strong><\/td>\n<td>ATIBT (1998) Atlas of African Timber Species<br \/>\nGOTTWALD (1970) Wood identification of the most important commercial timbers<br \/>\nVerband deutscher Holzhandel (1982) Informationsdienst Holz, data sheet no. 4<\/td>\n<\/tr>\n<\/tbody>\n<\/table>\n<div><strong>Note: according to the latest findings, but excluding any liability<\/strong><\/div>\n<p>&nbsp;<\/p>\n","protected":false},"excerpt":{"rendered":"<h3>Use<\/h3>\n<p>As parquet, for windows and doors, in ship and boat building, for laboratory and workbenches.<\/p>\n<h3>Origin<\/h3>\n<p>West Africa, East Africa, Asia<\/p>\n<h3>Properties<\/h3>\n<p>Weatherproof<\/p>\n<h3>Certification<\/h3>\n<p>FSC<\/p>\n<div>[su_button url=\"https:\/\/shop.espen.de\/de\/Drechselholz\/Holz-fuer-Billardqueues\/billardqueue-afzelia-maser-40-x-40-x-600mm.html\" target=\"blank\" style=\"flat\" background=\"#AFCA0B\"]View in the store[\/su_button]<\/div>\n","protected":false},"featured_media":17916,"comment_status":"closed","ping_status":"closed","template":"","meta":[],"product_cat":[314],"product_tag":[],"class_list":{"0":"post-18553","1":"product","2":"type-product","3":"status-publish","4":"has-post-thumbnail","6":"product_cat-wood","7":"pa_eigenschaften-weather-resistant","8":"pa_herkunft-asia","9":"pa_herkunft-east-africa","10":"pa_herkunft-west-africa","11":"pa_verwendung-boat-building","12":"pa_verwendung-interior-fittings","13":"pa_verwendung-parquet-flooring","14":"pa_zertifikat-fsc-en","17":"first","18":"instock","19":"shipping-taxable","20":"product-type-simple"},"yoast_head":"<!-- This site is optimized with the Yoast SEO plugin v23.2 - https:\/\/yoast.com\/wordpress\/plugins\/seo\/ -->\n<title>Afzelia - Doussi\u00e9 - Espen AG<\/title>\n<meta name=\"description\" content=\"Holz f\u00fcr Musikinstrumente: Gitarre, Violine, Blasinstrumente. Zum Drechseln: Schalenrohlinge, Messergriffe. Tischmanufaktur. \u00dcber 120 Holzarten am Lager. Weltweiter Versand\" \/>\n<meta name=\"robots\" content=\"noindex, follow, max-snippet:-1, max-image-preview:large, max-video-preview:-1\" \/>\n<meta property=\"og:locale\" content=\"en_US\" \/>\n<meta property=\"og:type\" content=\"article\" \/>\n<meta property=\"og:title\" content=\"Afzelia - Doussi\u00e9 - Espen AG\" \/>\n<meta property=\"og:description\" content=\"Holz f\u00fcr Musikinstrumente: Gitarre, Violine, Blasinstrumente. Zum Drechseln: Schalenrohlinge, Messergriffe. Tischmanufaktur. \u00dcber 120 Holzarten am Lager. Weltweiter Versand\" \/>\n<meta property=\"og:url\" content=\"https:\/\/espen.de\/produkte\/44-afzelia\/\" \/>\n<meta property=\"og:site_name\" content=\"Espen AG\" \/>\n<meta property=\"og:image\" content=\"https:\/\/espen.de\/wp-content\/uploads\/2023\/03\/afzelia_doussie8.jpg\" \/>\n\t<meta property=\"og:image:width\" content=\"315\" \/>\n\t<meta property=\"og:image:height\" content=\"315\" \/>\n\t<meta property=\"og:image:type\" content=\"image\/jpeg\" \/>\n<meta name=\"twitter:card\" content=\"summary_large_image\" \/>\n<meta name=\"twitter:label1\" content=\"Est. reading time\" \/>\n\t<meta name=\"twitter:data1\" content=\"2 minutes\" \/>\n<script type=\"application\/ld+json\" class=\"yoast-schema-graph\">{\"@context\":\"https:\/\/schema.org\",\"@graph\":[{\"@type\":\"WebPage\",\"@id\":\"https:\/\/espen.de\/produkte\/44-afzelia\/\",\"url\":\"https:\/\/espen.de\/produkte\/44-afzelia\/\",\"name\":\"Afzelia - Doussi\u00e9 - Espen AG\",\"isPartOf\":{\"@id\":\"https:\/\/espen.de\/#website\"},\"primaryImageOfPage\":{\"@id\":\"https:\/\/espen.de\/produkte\/44-afzelia\/#primaryimage\"},\"image\":{\"@id\":\"https:\/\/espen.de\/produkte\/44-afzelia\/#primaryimage\"},\"thumbnailUrl\":\"https:\/\/espen.de\/wp-content\/uploads\/2023\/03\/afzelia_doussie8.jpg\",\"datePublished\":\"2023-03-23T13:08:33+00:00\",\"dateModified\":\"2023-03-23T13:08:33+00:00\",\"description\":\"Holz f\u00fcr Musikinstrumente: Gitarre, Violine, Blasinstrumente. Zum Drechseln: Schalenrohlinge, Messergriffe. Tischmanufaktur. \u00dcber 120 Holzarten am Lager. Weltweiter Versand\",\"breadcrumb\":{\"@id\":\"https:\/\/espen.de\/produkte\/44-afzelia\/#breadcrumb\"},\"inLanguage\":\"en-US\",\"potentialAction\":[{\"@type\":\"ReadAction\",\"target\":[\"https:\/\/espen.de\/produkte\/44-afzelia\/\"]}]},{\"@type\":\"ImageObject\",\"inLanguage\":\"en-US\",\"@id\":\"https:\/\/espen.de\/produkte\/44-afzelia\/#primaryimage\",\"url\":\"https:\/\/espen.de\/wp-content\/uploads\/2023\/03\/afzelia_doussie8.jpg\",\"contentUrl\":\"https:\/\/espen.de\/wp-content\/uploads\/2023\/03\/afzelia_doussie8.jpg\",\"width\":315,\"height\":315},{\"@type\":\"BreadcrumbList\",\"@id\":\"https:\/\/espen.de\/produkte\/44-afzelia\/#breadcrumb\",\"itemListElement\":[{\"@type\":\"ListItem\",\"position\":1,\"name\":\"Startseite\",\"item\":\"https:\/\/espen.de\/en\/\"},{\"@type\":\"ListItem\",\"position\":2,\"name\":\"Produkte\",\"item\":\"https:\/\/espen.de\/shop\/\"},{\"@type\":\"ListItem\",\"position\":3,\"name\":\"Afzelia &#8211; Doussi\u00e9\"}]},{\"@type\":\"WebSite\",\"@id\":\"https:\/\/espen.de\/#website\",\"url\":\"https:\/\/espen.de\/\",\"name\":\"Espen AG\",\"description\":\"Massivholzprodukte\",\"potentialAction\":[{\"@type\":\"SearchAction\",\"target\":{\"@type\":\"EntryPoint\",\"urlTemplate\":\"https:\/\/espen.de\/?s={search_term_string}\"},\"query-input\":\"required name=search_term_string\"}],\"inLanguage\":\"en-US\"}]}<\/script>\n<!-- \/ Yoast SEO plugin. -->","yoast_head_json":{"title":"Afzelia - Doussi\u00e9 - Espen AG","description":"Holz f\u00fcr Musikinstrumente: Gitarre, Violine, Blasinstrumente. Zum Drechseln: Schalenrohlinge, Messergriffe. Tischmanufaktur. \u00dcber 120 Holzarten am Lager. Weltweiter Versand","robots":{"index":"noindex","follow":"follow","max-snippet":"max-snippet:-1","max-image-preview":"max-image-preview:large","max-video-preview":"max-video-preview:-1"},"og_locale":"en_US","og_type":"article","og_title":"Afzelia - Doussi\u00e9 - Espen AG","og_description":"Holz f\u00fcr Musikinstrumente: Gitarre, Violine, Blasinstrumente. Zum Drechseln: Schalenrohlinge, Messergriffe. Tischmanufaktur. \u00dcber 120 Holzarten am Lager. Weltweiter Versand","og_url":"https:\/\/espen.de\/produkte\/44-afzelia\/","og_site_name":"Espen AG","og_image":[{"width":315,"height":315,"url":"https:\/\/espen.de\/wp-content\/uploads\/2023\/03\/afzelia_doussie8.jpg","type":"image\/jpeg"}],"twitter_card":"summary_large_image","twitter_misc":{"Est. reading time":"2 minutes"},"schema":{"@context":"https:\/\/schema.org","@graph":[{"@type":"WebPage","@id":"https:\/\/espen.de\/produkte\/44-afzelia\/","url":"https:\/\/espen.de\/produkte\/44-afzelia\/","name":"Afzelia - Doussi\u00e9 - Espen AG","isPartOf":{"@id":"https:\/\/espen.de\/#website"},"primaryImageOfPage":{"@id":"https:\/\/espen.de\/produkte\/44-afzelia\/#primaryimage"},"image":{"@id":"https:\/\/espen.de\/produkte\/44-afzelia\/#primaryimage"},"thumbnailUrl":"https:\/\/espen.de\/wp-content\/uploads\/2023\/03\/afzelia_doussie8.jpg","datePublished":"2023-03-23T13:08:33+00:00","dateModified":"2023-03-23T13:08:33+00:00","description":"Holz f\u00fcr Musikinstrumente: Gitarre, Violine, Blasinstrumente. Zum Drechseln: Schalenrohlinge, Messergriffe. Tischmanufaktur. \u00dcber 120 Holzarten am Lager. Weltweiter Versand","breadcrumb":{"@id":"https:\/\/espen.de\/produkte\/44-afzelia\/#breadcrumb"},"inLanguage":"en-US","potentialAction":[{"@type":"ReadAction","target":["https:\/\/espen.de\/produkte\/44-afzelia\/"]}]},{"@type":"ImageObject","inLanguage":"en-US","@id":"https:\/\/espen.de\/produkte\/44-afzelia\/#primaryimage","url":"https:\/\/espen.de\/wp-content\/uploads\/2023\/03\/afzelia_doussie8.jpg","contentUrl":"https:\/\/espen.de\/wp-content\/uploads\/2023\/03\/afzelia_doussie8.jpg","width":315,"height":315},{"@type":"BreadcrumbList","@id":"https:\/\/espen.de\/produkte\/44-afzelia\/#breadcrumb","itemListElement":[{"@type":"ListItem","position":1,"name":"Startseite","item":"https:\/\/espen.de\/en\/"},{"@type":"ListItem","position":2,"name":"Produkte","item":"https:\/\/espen.de\/shop\/"},{"@type":"ListItem","position":3,"name":"Afzelia &#8211; Doussi\u00e9"}]},{"@type":"WebSite","@id":"https:\/\/espen.de\/#website","url":"https:\/\/espen.de\/","name":"Espen AG","description":"Massivholzprodukte","potentialAction":[{"@type":"SearchAction","target":{"@type":"EntryPoint","urlTemplate":"https:\/\/espen.de\/?s={search_term_string}"},"query-input":"required name=search_term_string"}],"inLanguage":"en-US"}]}},"_links":{"self":[{"href":"https:\/\/espen.de\/en\/wp-json\/wp\/v2\/product\/18553","targetHints":{"allow":["GET"]}}],"collection":[{"href":"https:\/\/espen.de\/en\/wp-json\/wp\/v2\/product"}],"about":[{"href":"https:\/\/espen.de\/en\/wp-json\/wp\/v2\/types\/product"}],"replies":[{"embeddable":true,"href":"https:\/\/espen.de\/en\/wp-json\/wp\/v2\/comments?post=18553"}],"wp:featuredmedia":[{"embeddable":true,"href":"https:\/\/espen.de\/en\/wp-json\/wp\/v2\/media\/17916"}],"wp:attachment":[{"href":"https:\/\/espen.de\/en\/wp-json\/wp\/v2\/media?parent=18553"}],"wp:term":[{"taxonomy":"product_cat","embeddable":true,"href":"https:\/\/espen.de\/en\/wp-json\/wp\/v2\/product_cat?post=18553"},{"taxonomy":"product_tag","embeddable":true,"href":"https:\/\/espen.de\/en\/wp-json\/wp\/v2\/product_tag?post=18553"}],"curies":[{"name":"wp","href":"https:\/\/api.w.org\/{rel}","templated":true}]}}