{"id":18558,"date":"2023-03-23T13:29:08","date_gmt":"2023-03-23T12:29:08","guid":{"rendered":"https:\/\/espen.de\/produkt\/satine-cacique-bloodwood-muirapiranga\/"},"modified":"2023-03-23T13:29:08","modified_gmt":"2023-03-23T12:29:08","slug":"satine-cacique-bloodwood-muirapiranga","status":"publish","type":"product","link":"https:\/\/espen.de\/en\/produkte\/satine-cacique-bloodwood-muirapiranga\/","title":{"rendered":"Satin\u00e9 Cacique Bloodwood Muirapiranga"},"content":{"rendered":"<h3>Cacique &#8211; Bloodwood<\/h3>\n<h5>Names and distribution:<\/h5>\n<p>Botanically, Satin\u00e9 or Muirapiranga<em>(Brosimum paraense, B.rubescens<\/em>) belongs to the Moraceae family and is thus related to Muirapinima<em>(B. guianensis<\/em>), the tree that produces &#8220;snakewood&#8221; or &#8220;letterwood&#8221;. Muirapiranga is a type of wood found in the Amazon (terra firme) and is comparatively rare there. The French name is &#8220;Satin\u00e9&#8221; or &#8220;Cacique&#8221;, the English &#8220;Bloodwood&#8221;.<\/p>\n<h5>Wooden picture:<\/h5>\n<p>The heartwood varies from yellow-brown to ros\u00e9 to a strong red color. The older the wood, the more intense the red coloration. The pores are fine and scattered. The fibers are mostly straight, sometimes slightly alternating, but not intertwined. The wood has an overall simple structure and is decorative thanks to its color, which is lightfast.<\/p>\n<h5>Properties:<\/h5>\n<p>Density at 12% moisture content is approx. 1.00 &#8211; 1.10 t\/m3<sup>.<\/sup> Satin\u00e9 is moderately shrinking. The tangential shrinkage is 5.8%, the radial shrinkage 4.1%. However, drying should be slow and gentle if warping and cracking are to be avoided. The wood is hard and rigid, but can be easily worked with all tools. Pre-drilling is absolutely necessary. The Brinell hardness is approx. 42 N\/mm2 (Brinell) and thus significantly higher than that of oak; the modulus of elasticity is 18 &#8211; 23,000 <sup>N\/mm2<\/sup>. Satin\u00e9 is weather-resistant and classified in resistance class 1, i.e. it can be kept in contact with the ground for up to 25 years.<\/p>\n<h5>Use:<\/h5>\n<div>\n<div>\n<div>\n<div>\n<div>\n<div>Interior and exterior finishing wood, wood for woodturning, special wood for applications where high elasticity and hardness are required, e.g. for the construction of bows and <a href=\"https:\/\/espen.de\/holz-fuer-langboegen\">longbows \/ sports bows<\/a>.<\/div>\n<div>\n<div>\n<h5>Replaced:<\/h5>\n<p>Snakewood, pernambuco, massarandouba, etc.<\/p>\n<table border=\"0\">\n<tbody>\n<tr valign=\"top\">\n<td><strong>Sources:<br \/>\n<\/strong><\/td>\n<td>ATIBT (1990): Atlas de Maderas Tropicales de Am\u00e9rica Latina<br \/>\nLINCOLN (1986) World Woods in Color<\/td>\n<\/tr>\n<\/tbody>\n<\/table>\n<div><strong>Note: according to the latest findings, but excluding any liability<\/strong><\/div>\n<\/div>\n<\/div>\n<div>\n<h4>Image 1: Bloodwood &#8211; Satin\u00e9<br \/>\nImage 2: Bloodwood detail<\/h4>\n<\/div>\n<\/div>\n<\/div>\n<\/div>\n<\/div>\n<\/div>\n","protected":false},"excerpt":{"rendered":"<h3>Use<\/h3>\n<p>Interior and exterior finishing wood, wood for woodturning, special wood for applications where high elasticity and hardness are required, e.g. for the construction of bows and longbows \/ sports bows.<\/p>\n<h3>Origin<\/h3>\n<p>South America<\/p>\n<h3>Properties<\/h3>\n<p>Hard and rigid, weatherproof<\/p>\n<h3>Certification<\/h3>\n<p>Cites 2<\/p>\n<div>[su_button url=\"https:\/\/shop.espen.de\/de\/Drechselholz\/Holz-fuer-Billardqueues\/billardqueue-satine-bloodwood-tief-rot-40-x-40-x-600mm.html\" target=\"blank\" style=\"flat\" background=\"#AFCA0B\"]View in the store[\/su_button]<\/div>\n","protected":false},"featured_media":17906,"comment_status":"closed","ping_status":"closed","template":"","meta":[],"product_cat":[314],"product_tag":[],"class_list":{"0":"post-18558","1":"product","2":"type-product","3":"status-publish","4":"has-post-thumbnail","6":"product_cat-wood","7":"pa_eigenschaften-flexible","8":"pa_eigenschaften-weather-resistant","9":"pa_herkunft-south-america","10":"pa_verwendung-interior-fittings","11":"pa_verwendung-tapered-bows","12":"pa_verwendung-turned-wood","13":"pa_zertifikat-cites-appendix-2","16":"first","17":"instock","18":"shipping-taxable","19":"product-type-simple"},"yoast_head":"<!-- This site is optimized with the Yoast SEO plugin v23.2 - https:\/\/yoast.com\/wordpress\/plugins\/seo\/ -->\n<title>Satin\u00e9 Cacique Bloodwood Muirapiranga - Espen AG<\/title>\n<meta name=\"description\" content=\"Holz f\u00fcr Musikinstrumente: Gitarre, Violine, Blasinstrumente. Zum Drechseln: Schalenrohlinge, Messergriffe. Tischmanufaktur. \u00dcber 120 Holzarten am Lager. Weltweiter Versand\" \/>\n<meta name=\"robots\" content=\"noindex, follow, max-snippet:-1, max-image-preview:large, max-video-preview:-1\" \/>\n<meta property=\"og:locale\" content=\"en_US\" \/>\n<meta property=\"og:type\" content=\"article\" \/>\n<meta property=\"og:title\" content=\"Satin\u00e9 Cacique Bloodwood Muirapiranga - Espen AG\" \/>\n<meta property=\"og:description\" content=\"Holz f\u00fcr Musikinstrumente: Gitarre, Violine, Blasinstrumente. Zum Drechseln: Schalenrohlinge, Messergriffe. Tischmanufaktur. \u00dcber 120 Holzarten am Lager. Weltweiter Versand\" \/>\n<meta property=\"og:url\" content=\"https:\/\/espen.de\/en\/produkte\/satine-cacique-bloodwood-muirapiranga\/\" \/>\n<meta property=\"og:site_name\" content=\"Espen AG\" \/>\n<meta property=\"og:image\" content=\"https:\/\/espen.de\/wp-content\/uploads\/2023\/03\/satine8.jpg\" \/>\n\t<meta property=\"og:image:width\" content=\"315\" \/>\n\t<meta property=\"og:image:height\" content=\"315\" \/>\n\t<meta property=\"og:image:type\" content=\"image\/jpeg\" \/>\n<meta name=\"twitter:card\" content=\"summary_large_image\" \/>\n<meta name=\"twitter:label1\" content=\"Est. reading time\" \/>\n\t<meta name=\"twitter:data1\" content=\"1 minute\" \/>\n<script type=\"application\/ld+json\" class=\"yoast-schema-graph\">{\"@context\":\"https:\/\/schema.org\",\"@graph\":[{\"@type\":\"WebPage\",\"@id\":\"https:\/\/espen.de\/en\/produkte\/satine-cacique-bloodwood-muirapiranga\/\",\"url\":\"https:\/\/espen.de\/en\/produkte\/satine-cacique-bloodwood-muirapiranga\/\",\"name\":\"Satin\u00e9 Cacique Bloodwood Muirapiranga - Espen AG\",\"isPartOf\":{\"@id\":\"https:\/\/espen.de\/#website\"},\"primaryImageOfPage\":{\"@id\":\"https:\/\/espen.de\/en\/produkte\/satine-cacique-bloodwood-muirapiranga\/#primaryimage\"},\"image\":{\"@id\":\"https:\/\/espen.de\/en\/produkte\/satine-cacique-bloodwood-muirapiranga\/#primaryimage\"},\"thumbnailUrl\":\"https:\/\/espen.de\/wp-content\/uploads\/2023\/03\/satine8.jpg\",\"datePublished\":\"2023-03-23T12:29:08+00:00\",\"dateModified\":\"2023-03-23T12:29:08+00:00\",\"description\":\"Holz f\u00fcr Musikinstrumente: Gitarre, Violine, Blasinstrumente. Zum Drechseln: Schalenrohlinge, Messergriffe. Tischmanufaktur. \u00dcber 120 Holzarten am Lager. Weltweiter Versand\",\"breadcrumb\":{\"@id\":\"https:\/\/espen.de\/en\/produkte\/satine-cacique-bloodwood-muirapiranga\/#breadcrumb\"},\"inLanguage\":\"en-US\",\"potentialAction\":[{\"@type\":\"ReadAction\",\"target\":[\"https:\/\/espen.de\/en\/produkte\/satine-cacique-bloodwood-muirapiranga\/\"]}]},{\"@type\":\"ImageObject\",\"inLanguage\":\"en-US\",\"@id\":\"https:\/\/espen.de\/en\/produkte\/satine-cacique-bloodwood-muirapiranga\/#primaryimage\",\"url\":\"https:\/\/espen.de\/wp-content\/uploads\/2023\/03\/satine8.jpg\",\"contentUrl\":\"https:\/\/espen.de\/wp-content\/uploads\/2023\/03\/satine8.jpg\",\"width\":315,\"height\":315},{\"@type\":\"BreadcrumbList\",\"@id\":\"https:\/\/espen.de\/en\/produkte\/satine-cacique-bloodwood-muirapiranga\/#breadcrumb\",\"itemListElement\":[{\"@type\":\"ListItem\",\"position\":1,\"name\":\"Startseite\",\"item\":\"https:\/\/espen.de\/en\/\"},{\"@type\":\"ListItem\",\"position\":2,\"name\":\"Produkte\",\"item\":\"https:\/\/espen.de\/shop\/\"},{\"@type\":\"ListItem\",\"position\":3,\"name\":\"Satin\u00e9 Cacique Bloodwood Muirapiranga\"}]},{\"@type\":\"WebSite\",\"@id\":\"https:\/\/espen.de\/#website\",\"url\":\"https:\/\/espen.de\/\",\"name\":\"Espen AG\",\"description\":\"Massivholzprodukte\",\"potentialAction\":[{\"@type\":\"SearchAction\",\"target\":{\"@type\":\"EntryPoint\",\"urlTemplate\":\"https:\/\/espen.de\/?s={search_term_string}\"},\"query-input\":\"required name=search_term_string\"}],\"inLanguage\":\"en-US\"}]}<\/script>\n<!-- \/ Yoast SEO plugin. -->","yoast_head_json":{"title":"Satin\u00e9 Cacique Bloodwood Muirapiranga - Espen AG","description":"Holz f\u00fcr Musikinstrumente: Gitarre, Violine, Blasinstrumente. Zum Drechseln: Schalenrohlinge, Messergriffe. Tischmanufaktur. \u00dcber 120 Holzarten am Lager. Weltweiter Versand","robots":{"index":"noindex","follow":"follow","max-snippet":"max-snippet:-1","max-image-preview":"max-image-preview:large","max-video-preview":"max-video-preview:-1"},"og_locale":"en_US","og_type":"article","og_title":"Satin\u00e9 Cacique Bloodwood Muirapiranga - Espen AG","og_description":"Holz f\u00fcr Musikinstrumente: Gitarre, Violine, Blasinstrumente. Zum Drechseln: Schalenrohlinge, Messergriffe. Tischmanufaktur. \u00dcber 120 Holzarten am Lager. Weltweiter Versand","og_url":"https:\/\/espen.de\/en\/produkte\/satine-cacique-bloodwood-muirapiranga\/","og_site_name":"Espen AG","og_image":[{"width":315,"height":315,"url":"https:\/\/espen.de\/wp-content\/uploads\/2023\/03\/satine8.jpg","type":"image\/jpeg"}],"twitter_card":"summary_large_image","twitter_misc":{"Est. reading time":"1 minute"},"schema":{"@context":"https:\/\/schema.org","@graph":[{"@type":"WebPage","@id":"https:\/\/espen.de\/en\/produkte\/satine-cacique-bloodwood-muirapiranga\/","url":"https:\/\/espen.de\/en\/produkte\/satine-cacique-bloodwood-muirapiranga\/","name":"Satin\u00e9 Cacique Bloodwood Muirapiranga - Espen AG","isPartOf":{"@id":"https:\/\/espen.de\/#website"},"primaryImageOfPage":{"@id":"https:\/\/espen.de\/en\/produkte\/satine-cacique-bloodwood-muirapiranga\/#primaryimage"},"image":{"@id":"https:\/\/espen.de\/en\/produkte\/satine-cacique-bloodwood-muirapiranga\/#primaryimage"},"thumbnailUrl":"https:\/\/espen.de\/wp-content\/uploads\/2023\/03\/satine8.jpg","datePublished":"2023-03-23T12:29:08+00:00","dateModified":"2023-03-23T12:29:08+00:00","description":"Holz f\u00fcr Musikinstrumente: Gitarre, Violine, Blasinstrumente. Zum Drechseln: Schalenrohlinge, Messergriffe. Tischmanufaktur. \u00dcber 120 Holzarten am Lager. Weltweiter Versand","breadcrumb":{"@id":"https:\/\/espen.de\/en\/produkte\/satine-cacique-bloodwood-muirapiranga\/#breadcrumb"},"inLanguage":"en-US","potentialAction":[{"@type":"ReadAction","target":["https:\/\/espen.de\/en\/produkte\/satine-cacique-bloodwood-muirapiranga\/"]}]},{"@type":"ImageObject","inLanguage":"en-US","@id":"https:\/\/espen.de\/en\/produkte\/satine-cacique-bloodwood-muirapiranga\/#primaryimage","url":"https:\/\/espen.de\/wp-content\/uploads\/2023\/03\/satine8.jpg","contentUrl":"https:\/\/espen.de\/wp-content\/uploads\/2023\/03\/satine8.jpg","width":315,"height":315},{"@type":"BreadcrumbList","@id":"https:\/\/espen.de\/en\/produkte\/satine-cacique-bloodwood-muirapiranga\/#breadcrumb","itemListElement":[{"@type":"ListItem","position":1,"name":"Startseite","item":"https:\/\/espen.de\/en\/"},{"@type":"ListItem","position":2,"name":"Produkte","item":"https:\/\/espen.de\/shop\/"},{"@type":"ListItem","position":3,"name":"Satin\u00e9 Cacique Bloodwood Muirapiranga"}]},{"@type":"WebSite","@id":"https:\/\/espen.de\/#website","url":"https:\/\/espen.de\/","name":"Espen AG","description":"Massivholzprodukte","potentialAction":[{"@type":"SearchAction","target":{"@type":"EntryPoint","urlTemplate":"https:\/\/espen.de\/?s={search_term_string}"},"query-input":"required name=search_term_string"}],"inLanguage":"en-US"}]}},"_links":{"self":[{"href":"https:\/\/espen.de\/en\/wp-json\/wp\/v2\/product\/18558","targetHints":{"allow":["GET"]}}],"collection":[{"href":"https:\/\/espen.de\/en\/wp-json\/wp\/v2\/product"}],"about":[{"href":"https:\/\/espen.de\/en\/wp-json\/wp\/v2\/types\/product"}],"replies":[{"embeddable":true,"href":"https:\/\/espen.de\/en\/wp-json\/wp\/v2\/comments?post=18558"}],"wp:featuredmedia":[{"embeddable":true,"href":"https:\/\/espen.de\/en\/wp-json\/wp\/v2\/media\/17906"}],"wp:attachment":[{"href":"https:\/\/espen.de\/en\/wp-json\/wp\/v2\/media?parent=18558"}],"wp:term":[{"taxonomy":"product_cat","embeddable":true,"href":"https:\/\/espen.de\/en\/wp-json\/wp\/v2\/product_cat?post=18558"},{"taxonomy":"product_tag","embeddable":true,"href":"https:\/\/espen.de\/en\/wp-json\/wp\/v2\/product_tag?post=18558"}],"curies":[{"name":"wp","href":"https:\/\/api.w.org\/{rel}","templated":true}]}}